{"id":463,"date":"2019-08-09T09:34:43","date_gmt":"2019-08-09T07:34:43","guid":{"rendered":"https:\/\/westernsinga.com\/pl\/?page_id=463"},"modified":"2022-11-25T18:09:03","modified_gmt":"2022-11-25T16:09:03","slug":"regulamin-serwisu","status":"publish","type":"page","link":"https:\/\/westernsinga.com\/pl\/regulamin-serwisu\/","title":{"rendered":"Regulamin Serwisu"},"content":{"rendered":"<div class=\"wpb-content-wrapper\"><p>[vc_row][vc_column][vc_empty_space][\/vc_column][\/vc_row][vc_row][vc_column][vc_column_text]<\/p>\n<h3 style=\"text-align: center;\">I. Postanowienia og\u00f3lne<\/h3>\n<p>1. Niniejszy Regulamin okre\u015bla zasady korzystania przez Us\u0142ugobiorc\u00f3w z okre\u015blonych w regulaminie serwis\u00f3w internetowych Us\u0142ugodawcy, zawieraj\u0105cych w szczeg\u00f3lno\u015bci informacje i materia\u0142y na temat produkt\u00f3w finansowych, ubezpieczeniowych.<\/p>\n<p>2. Us\u0142ugodawc\u0105 w ramach Serwis\u00f3w jest <strong>WESTERN SINGA LTD<\/strong>, KEMP HOUSE, 160 CITY ROAD, UNITED KINGDOM, LONDON, EC1V 2NX, UK oraz <strong>G\u00d3RNICKI INVEST SP. Z O.O.<\/strong> ul. Reja 9 48-303 NYSA PL zwanych dalej <strong>KONSORCJUM.<\/strong><\/p>\n<p>3. Materia\u0142y, informacje i dane publikowane w Serwisach nie stanowi\u0105 oferty jakichkolwiek us\u0142ug, w rozumieniu kodeksu cywilnego, w szczeg\u00f3lno\u015bci nie stanowi\u0105 oferty z\u0142o\u017conej w postaci elektronicznej. Ponadto nie stanowi\u0105 rekomendacji do zawarcia umowy z kt\u00f3rymkolwiek zak\u0142adem ubezpiecze\u0144, bankiem, dostawc\u0105 us\u0142ug telewizyjnych, dostawc\u0105 dost\u0119pu do Internetu, sprzedawc\u0105 energii elektrycznej lub po\u015brednikiem finansowym, ubezpieczeniowym, kt\u00f3rej przedmiotem b\u0119d\u0105 produkty finansowe i ubezpieczeniowe lub jakiekolwiek inne produkty, o kt\u00f3rych mowa w Serwisach.<\/p>\n<p>4. Wszelkie informacje wysy\u0142ane za pomoc\u0105 poczty elektronicznej oraz innych form transmisji poprzez sie\u0107 Internet nie maj\u0105 charakteru poufnego i mog\u0105 by\u0107 nara\u017cone na ingerencj\u0119 os\u00f3b trzecich.<\/p>\n<h3 style=\"text-align: center;\">II. Definicje<\/h3>\n<p>1) Podmioty wsp\u00f3\u0142pracuj\u0105ce \u2013 oznacza podmioty wskazane w rozdziale III Regulaminu, kt\u00f3rym Us\u0142ugodawca mo\u017ce udost\u0119pnia\u0107, za zgod\u0105 Us\u0142ugobiorcy, jego dane osobowe, w celu przedstawienia oferty na \u015bwiadczenie us\u0142ug,<\/p>\n<p>2) Serwis \u2013 serwis internetowy, kt\u00f3rego wydawc\u0105 jest Us\u0142ugodawca,<\/p>\n<p>www.westernsinga.com,<br \/>\nwww.gornicki-invest.pl<br \/>\nwww.alphaseven.pl<br \/>\nwww.grupamedialna.org<br \/>\nwww.qkredyt.pl<br \/>\nwww.biurokredyt.pl<br \/>\nwww.finansowyekspert.pl<br \/>\nwww.ignisdei.com<br \/>\nwww.yupli.pl<br \/>\nwww.netlando.com<br \/>\nwww.strategialwa.pl<br \/>\nwww.newempire.pl<br \/>\nwww.gbcc.pl<br \/>\nwww.goorky.com<br \/>\nwww.bitplanet.pl<br \/>\nwww.investi.pl<br \/>\nwww.portalzdrowia.pl<br \/>\nwww.tabloo.pl<br \/>\nwww.lifestyleacademy.pl<br \/>\nwww.citify.pl<br \/>\nwww.evangelion.pl<\/p>\n<p>oraz ka\u017cdy inny, kt\u00f3rego wydawc\u0105 jest Us\u0142ugodawca.<\/p>\n<p>3) Us\u0142ugobiorca \u2013 ka\u017cda osoba fizyczna, kt\u00f3ra korzysta z Serwis\u00f3w w spos\u00f3b zgodny z Regulaminem w celach w nim wskazanych.<\/p>\n<h3 style=\"text-align: center;\">III. \u015awiadczenie us\u0142ug przez Us\u0142ugodawc\u0119<\/h3>\n<p>1. Us\u0142ugodawca mo\u017ce wsp\u00f3\u0142pracowa\u0107 z przedsi\u0119biorcami, w szczeg\u00f3lno\u015bci bankami, po\u015brednikami finansowymi, firmami ubezpieczeniowymi, dostawcami us\u0142ug telewizyjnych, sprzedawcami energii elektrycznej, dystrybutorami dost\u0119pu do Internetu, biurami podr\u00f3\u017cy w zakresie prezentowania informacji o us\u0142ugach \u015bwiadczonych przez te osoby.<\/p>\n<p>2. Us\u0142ugodawca mo\u017ce, za wyra\u017an\u0105 zgod\u0105 Us\u0142ugobiorcy, przesy\u0142a\u0107 do Us\u0142ugobiorcy za pomoc\u0105 \u015brodk\u00f3w komunikacji elektronicznej, w szczeg\u00f3lno\u015bci poczty elektronicznej, informacje handlowe w rozumieniu ustawy o \u015bwiadczeniu us\u0142ug drog\u0105 elektroniczn\u0105.<\/p>\n<p>3. Serwisy mog\u0105 zawiera\u0107 odes\u0142ania do serwis\u00f3w internetowych Podmiot\u00f3w wsp\u00f3\u0142pracuj\u0105cych, w spos\u00f3b umo\u017cliwiaj\u0105cy kontakt Us\u0142ugobiorcy z Podmiotem wsp\u00f3\u0142pracuj\u0105cym, w szczeg\u00f3lno\u015bci wyra\u017cenie zgody na przedstawienie przez Podmiot wsp\u00f3\u0142pracuj\u0105cy oferty na \u015bwiadczenie us\u0142ug.<\/p>\n<p>4. Us\u0142ugodawca nie jest, w ramach us\u0142ug wskazanych powy\u017cej, po\u015brednikiem ubezpieczeniowym, po\u015brednikiem kredytowym lub po\u015brednikiem kredytu konsumenckiego w rozumieniu odno\u015bnych przepis\u00f3w. Zastrze\u017cenie to nie dotyczy czynno\u015bci wchodz\u0105cych w sk\u0142ad po\u015brednictwa, jednak\u017ce w takim przypadku Us\u0142ugodawca wyra\u017anie poinformuje Us\u0142ugobiorc\u0119 o charakterze us\u0142ug przed skorzystaniem z oferty po\u015brednictwa.<\/p>\n<p>5. Us\u0142ugodawca nie ponosi odpowiedzialno\u015bci za tre\u015b\u0107 informacji o produktach finansowych i innych us\u0142ugach udost\u0119pnionych przez Podmioty wsp\u00f3\u0142pracuj\u0105ce, jak r\u00f3wnie\u017c za inne dane prezentowanie w serwisach Podmiot\u00f3w wsp\u00f3\u0142pracuj\u0105cych oraz innych podmiot\u00f3w.<\/p>\n<p>6. Us\u0142ugodawca nie ponosi odpowiedzialno\u015bci za dzia\u0142ania lub zaniechania Podmiot\u00f3w wsp\u00f3\u0142pracuj\u0105cych, w szczeg\u00f3lno\u015bci za:<\/p>\n<ul>\n<li>tre\u015b\u0107 oferty,<\/li>\n<li>spos\u00f3b przetwarzania danych osobowych przez Podmioty wsp\u00f3\u0142pracuj\u0105ce,<\/li>\n<li>spos\u00f3b wykonania umowy.<\/li>\n<\/ul>\n<h3 style=\"text-align: center;\">IV. Przetwarzanie danych osobowych<\/h3>\n<p>1. Zasady przetwarzania danych osobowych Us\u0142ugobiorc\u00f3w okre\u015bla polityka prywatno\u015bci oraz informacja udost\u0119pniana Us\u0142ugobiorcy w czasie korzystania z poszczeg\u00f3lnych us\u0142ug.<\/p>\n<p>2. Us\u0142ugodawca przetwarza nast\u0119puj\u0105ce dane eksploatacyjne technologiczne dotycz\u0105ce Us\u0142ugobiorc\u00f3w:<\/p>\n<ul>\n<li>oznaczenia identyfikuj\u0105ce zako\u0144czenie sieci telekomunikacyjnej lub system teleinformatyczny, z kt\u00f3rego korzysta\u0142 Us\u0142ugobiorca;<\/li>\n<li>informacje o rozpocz\u0119ciu, zako\u0144czeniu oraz zakresie ka\u017cdorazowego korzystania z Us\u0142ugi,<\/li>\n<li>informacje o skorzystaniu przez Us\u0142ugobiorc\u0119 z Us\u0142ug.<\/li>\n<\/ul>\n<p>3. Korzystanie z Us\u0142ug mo\u017ce wymaga\u0107 udzielenia przez Us\u0142ugobiorc\u0119 zgody na przechowywanie przez Us\u0142ugodawc\u0119 informacji, w szczeg\u00f3lno\u015bci niewielkich plik\u00f3w tekstowych (tzw. cookies),lub dost\u0119p do przechowywanych plik\u00f3w tego rodzaju, na urz\u0105dzeniu Us\u0142ugobiorcy. Pliki te nie zmieniaj\u0105 konfiguracji jego komputera, nie s\u0142u\u017c\u0105 do instalowania b\u0105d\u017a deinstalacji jakichkolwiek program\u00f3w komputerowych, wirus\u00f3w lub trojan\u00f3w, nie ingeruj\u0105 w integralno\u015b\u0107 systemu b\u0105d\u017a danych Us\u0142ugobiorcy, a tak\u017ce mog\u0105 by\u0107 w ka\u017cdym momencie usuni\u0119te przez Us\u0142ugobiorc\u0119. Us\u0142ugobiorca mo\u017ce odm\u00f3wi\u0107 udzielenia zgody poprzez u\u017cycie odpowiednich narz\u0119dzi konfiguracyjnych w stosowanej przegl\u0105darce internetowej.<\/p>\n<p>4. Zgoda na przetwarzanie przez Us\u0142ugodawc\u0119 danych osobowych Us\u0142ugobiorcy mo\u017ce obejmowa\u0107 w:<\/p>\n<ul>\n<li>przetwarzanie, w szczeg\u00f3lno\u015bci gromadzenie, utrwalanie, przechowywanie, opracowywanie, udost\u0119pnianie, przekazywanie i usuwanie danych osobowych Us\u0142ugobiorcy przez Us\u0142ugodawc\u0119 w zakresie niezb\u0119dnym do \u015bwiadczenie Us\u0142ug,<\/li>\n<li>przetwarzanie, w szczeg\u00f3lno\u015bci gromadzenie, utrwalanie, przechowywanie, opracowywanie, udost\u0119pnianie i usuwanie danych osobowych Us\u0142ugobiorcy przez Us\u0142ugodawc\u0119 w celach marketingowych i statystycznych,<\/li>\n<li>przetwarzanie, w szczeg\u00f3lno\u015bci gromadzenie, utrwalanie, przechowywanie, opracowywanie, udost\u0119pnianie i usuwanie danych osobowych Us\u0142ugobiorcy w celu reklamy, badania rynku oraz zachowa\u0144 i preferencji us\u0142ugobiorc\u00f3w z przeznaczeniem wynik\u00f3w tych bada\u0144 na potrzeby polepszenia jako\u015bci \u015bwiadczonych us\u0142ug.<\/li>\n<\/ul>\n<p>5. Us\u0142ugobiorca mo\u017ce wyrazi\u0107 zgod\u0119 na korzystanie przez Us\u0142ugodawc\u0119 z telekomunikacyjnych urz\u0105dze\u0144 ko\u0144cowych w rozumieniu art. 172 ustawy prawo telekomunikacyjne, poprzez wype\u0142nienie stosownego formularza oraz zaznaczenie wskazanych o\u015bwiadcze\u0144.<\/p>\n<h3 style=\"text-align: center;\">V. Spos\u00f3b korzystania z us\u0142ug<\/h3>\n<p>1. Us\u0142ugobiorca mo\u017ce korzysta\u0107 z Serwis\u00f3w w spos\u00f3b zgodny z przepisami prawa, niniejszym Regulaminem oraz w spos\u00f3b nienaruszaj\u0105cy praw osobistych i maj\u0105tkowych innych os\u00f3b.<\/p>\n<p>2. Us\u0142ugobiorca zobowi\u0105zany jest do przestrzegania postanowie\u0144 niniejszego Regulaminu. Us\u0142ugobiorcy korzystaj\u0105cemu z Serwis\u00f3w nie wolno w \u017caden spos\u00f3b dostarcza\u0107 tre\u015bci o charakterze bezprawnym.<\/p>\n<p>3. Us\u0142ugodawca nie ponosi odpowiedzialno\u015bci za korzystanie przez Us\u0142ugobiorc\u0119 z Serwis\u00f3w w spos\u00f3b sprzeczny z postanowieniami niniejszego Regulaminu, z naruszeniem przepis\u00f3w prawa lub praw os\u00f3b trzecich.<\/p>\n<p>4. Us\u0142ugodawca zapewnia Us\u0142ugobiorcy bezp\u0142atny dost\u0119p do informacji i materia\u0142\u00f3w zamieszczonych w Serwisach.<\/p>\n<p>5. Us\u0142ugodawca wskazuje, \u017ce przedstawione wyliczenia oraz zestawienia opieraj\u0105 si\u0119 na wypracowanej metodologii i nie mog\u0105 stanowi\u0107 odniesienia do zestawie\u0144 przygotowywanych przez inne podmioty. Wyb\u00f3r oferty powinien by\u0107 poprzedzony jej dog\u0142\u0119bn\u0105 analiz\u0105.<\/p>\n<p>6. Wszelkie informacje udost\u0119pnione w Serwisach nie s\u0105 w \u017cadnym zakresie czynno\u015bciami doradztwa podatkowego, prawnego, finansowego czy inwestycyjnego.<\/p>\n<p>7. Informacje, porady, odpowiedzi ekspert\u00f3w ani jakiekolwiek inne informacje opublikowane w Serwisach nie stanowi\u0105 oficjalnej wyk\u0142adni prawa.<\/p>\n<h3 style=\"text-align: center;\">VI. Prawa autorskie<\/h3>\n<p>1. Serwisy jako ca\u0142o\u015b\u0107, a tak\u017ce uk\u0142ad tre\u015bci, wszelkie materia\u0142y, dane oraz elementy graficzne w nim zawarte stanowi\u0105 przedmiot praw Us\u0142ugodawcy i mog\u0105 by\u0107 wykorzystane przez Us\u0142ugobiorc\u00f3w wy\u0142\u0105cznie do cel\u00f3w zgodnych z ich przeznaczeniem.<\/p>\n<p>2. Informacje i materia\u0142y zamieszczone w Serwisach mog\u0105 by\u0107 wykorzystywane przez Us\u0142ugobiorc\u00f3w tylko dla u\u017cytku osobistego.<\/p>\n<p>3. Us\u0142ugodawca udziela Us\u0142ugobiorcom niewy\u0142\u0105cznej licencji na korzystanie z informacji i materia\u0142\u00f3w wy\u0142\u0105cznie w celach zgodnych z niniejszym Regulaminem oraz celem \u015bwiadczenia us\u0142ug.<\/p>\n<h3 style=\"text-align: center;\">VI. Reklamacje<\/h3>\n<p>1. Ka\u017cdy Us\u0142ugobiorca ma prawo wniesienia reklamacji zwi\u0105zanej ze sposobem \u015bwiadczenia us\u0142ug, w szczeg\u00f3lno\u015bci niewykonaniem lub nieprawid\u0142owym wykonaniem us\u0142ugi przez Us\u0142ugodawc\u0119, a tak\u017ce dotycz\u0105c\u0105:<\/p>\n<ul>\n<li>sposobu lub jako\u015bci \u015bwiadczenia us\u0142ug,<\/li>\n<li>dzia\u0142alno\u015bci Serwisu.<\/li>\n<\/ul>\n<p>2. Us\u0142ugobiorca sk\u0142ada reklamacj\u0119 za po\u015brednictwem poczty elektronicznej, kieruj\u0105c wiadomo\u015b\u0107 na adres office@westernsinga.com b\u0105d\u017a poczt\u0105, na adres Us\u0142ugodawcy, wskazuj\u0105c r\u00f3wnocze\u015bnie:<\/p>\n<ul>\n<li>dane identyfikacyjne Us\u0142ugobiorcy, w szczeg\u00f3lno\u015bci imi\u0119 i nazwisko oraz adres,<\/li>\n<li>okre\u015blenie rodzaju reklamowanej us\u0142ugi,<\/li>\n<li>okoliczno\u015bci uzasadniaj\u0105ce reklamacj\u0119,<\/li>\n<li>roszczenie Us\u0142ugobiorcy<\/li>\n<\/ul>\n<p>3. Us\u0142ugodawca rozpatruje reklamacj\u0119 bezzw\u0142ocznie, nie p\u00f3\u017aniej jednak ni\u017c w terminie 30 dni od daty jej wniesienia, a nast\u0119pnie informuje Us\u0142ugobiorc\u0119 o sposobie jej rozpatrzenia.<\/p>\n<p>4. Us\u0142ugobiorca mo\u017ce korzysta\u0107 z pozas\u0105dowej mo\u017cliwo\u015bci rozwi\u0105zywania spor\u00f3w drog\u0105 elektroniczn\u0105 za po\u015brednictwem platformy internetowej ODR Unii Europejskiej umo\u017cliwiaj\u0105cej sk\u0142adanie reklamacji i dochodzenie roszcze\u0144 zwi\u0105zanych z zawart\u0105 umow\u0105, kt\u00f3ra znajduje si\u0119 na stronie:\u00a0<a href=\"http:\/\/ec.europa.eu\/consumers\/odr\/\">http:\/\/ec.europa.eu\/consumers\/odr\/<\/a><\/p>\n<p>5. Ewentualne spory dotycz\u0105ce sposobu \u015bwiadczenia us\u0142ug rozpoznawa\u0107 mog\u0105 s\u0105dy powszechne, kt\u00f3rych w\u0142a\u015bciwo\u015b\u0107 okre\u015blaj\u0105 przepisy kodeksu post\u0119powania cywilnego.<\/p>\n<h3 style=\"text-align: center;\">VII. Postanowienia ko\u0144cowe<\/h3>\n<p>1. Us\u0142ugodawca mo\u017ce, z wa\u017cnych przyczyn, dokona\u0107 zmian w niniejszym Regulaminie. Zmiana regulaminu nast\u0119puje poprzez og\u0142oszenie jego nowej tre\u015bci w Serwisie<\/p>\n<p>2. Przez wa\u017cne przyczyny rozumie si\u0119 w szczeg\u00f3lno\u015bci:<\/p>\n<ul>\n<li>zmian\u0119 przepis\u00f3w prawa,<\/li>\n<li>rozszerzenie funkcjonalno\u015bci Serwisu, w szczeg\u00f3lno\u015bci rozpocz\u0119cie \u015bwiadczenia nowych us\u0142ug,<\/li>\n<li>zmian\u0119 sposobu \u015bwiadczenia us\u0142ug.<\/li>\n<\/ul>\n<p>3. Niniejszy regulamin wchodzi w \u017cycie z dniem 1 czerwca 2018 r.[\/vc_column_text][\/vc_column][\/vc_row]<\/p>\n<\/div>","protected":false},"excerpt":{"rendered":"<p>[vc_row][vc_column][vc_empty_space][\/vc_column][\/vc_row][vc_row][vc_column][vc_column_text] I. Postanowienia og\u00f3lne 1. Niniejszy Regulamin okre\u015bla zasady korzystania przez Us\u0142ugobiorc\u00f3w z okre\u015blonych w regulaminie serwis\u00f3w internetowych Us\u0142ugodawcy, zawieraj\u0105cych w szczeg\u00f3lno\u015bci informacje i materia\u0142y na temat produkt\u00f3w finansowych, ubezpieczeniowych. 2. Us\u0142ugodawc\u0105 w ramach Serwis\u00f3w jest WESTERN SINGA LTD, KEMP HOUSE, 160 CITY ROAD, UNITED KINGDOM, LONDON, EC1V 2NX, UK oraz G\u00d3RNICKI INVEST SP. Z [&hellip;]<\/p>\n","protected":false},"author":1,"featured_media":0,"parent":0,"menu_order":0,"comment_status":"closed","ping_status":"closed","template":"page-templates\/template-fullwidth.php","meta":{"footnotes":""},"class_list":["post-463","page","type-page","status-publish","hentry"],"yoast_head":"<!-- This site is optimized with the Yoast SEO Premium plugin v16.0.2 (Yoast SEO v27.4) - https:\/\/yoast.com\/product\/yoast-seo-premium-wordpress\/ -->\n<title>Regulamin Serwisu - Western Singa - Por\u00f3wnywarka Kredytowa<\/title>\n<meta name=\"robots\" content=\"index, follow, max-snippet:-1, max-image-preview:large, max-video-preview:-1\" \/>\n<link rel=\"canonical\" href=\"https:\/\/westernsinga.com\/pl\/regulamin-serwisu\/\" \/>\n<meta property=\"og:locale\" content=\"pl_PL\" \/>\n<meta property=\"og:type\" content=\"article\" \/>\n<meta property=\"og:title\" content=\"Regulamin Serwisu - Western Singa - Por\u00f3wnywarka Kredytowa\" \/>\n<meta property=\"og:description\" content=\"[vc_row][vc_column][vc_empty_space][\/vc_column][\/vc_row][vc_row][vc_column][vc_column_text] I. Postanowienia og\u00f3lne 1. Niniejszy Regulamin okre\u015bla zasady korzystania przez Us\u0142ugobiorc\u00f3w z okre\u015blonych w regulaminie serwis\u00f3w internetowych Us\u0142ugodawcy, zawieraj\u0105cych w szczeg\u00f3lno\u015bci informacje i materia\u0142y na temat produkt\u00f3w finansowych, ubezpieczeniowych. 2. Us\u0142ugodawc\u0105 w ramach Serwis\u00f3w jest WESTERN SINGA LTD, KEMP HOUSE, 160 CITY ROAD, UNITED KINGDOM, LONDON, EC1V 2NX, UK oraz G\u00d3RNICKI INVEST SP. Z [&hellip;]\" \/>\n<meta property=\"og:url\" content=\"https:\/\/westernsinga.com\/pl\/regulamin-serwisu\/\" \/>\n<meta property=\"og:site_name\" content=\"Western Singa - Por\u00f3wnywarka Kredytowa\" \/>\n<meta property=\"article:modified_time\" content=\"2022-11-25T16:09:03+00:00\" \/>\n<meta name=\"twitter:card\" content=\"summary_large_image\" \/>\n<meta name=\"twitter:label1\" content=\"Szacowany czas czytania\" \/>\n\t<meta name=\"twitter:data1\" content=\"7 minut\" \/>\n<script type=\"application\/ld+json\" class=\"yoast-schema-graph\">{\"@context\":\"https:\\\/\\\/schema.org\",\"@graph\":[{\"@type\":\"WebPage\",\"@id\":\"https:\\\/\\\/westernsinga.com\\\/pl\\\/regulamin-serwisu\\\/\",\"url\":\"https:\\\/\\\/westernsinga.com\\\/pl\\\/regulamin-serwisu\\\/\",\"name\":\"Regulamin Serwisu - Western Singa - Por\u00f3wnywarka Kredytowa\",\"isPartOf\":{\"@id\":\"https:\\\/\\\/westernsinga.com\\\/pl\\\/#website\"},\"datePublished\":\"2019-08-09T07:34:43+00:00\",\"dateModified\":\"2022-11-25T16:09:03+00:00\",\"breadcrumb\":{\"@id\":\"https:\\\/\\\/westernsinga.com\\\/pl\\\/regulamin-serwisu\\\/#breadcrumb\"},\"inLanguage\":\"pl-PL\",\"potentialAction\":[{\"@type\":\"ReadAction\",\"target\":[\"https:\\\/\\\/westernsinga.com\\\/pl\\\/regulamin-serwisu\\\/\"]}]},{\"@type\":\"BreadcrumbList\",\"@id\":\"https:\\\/\\\/westernsinga.com\\\/pl\\\/regulamin-serwisu\\\/#breadcrumb\",\"itemListElement\":[{\"@type\":\"ListItem\",\"position\":1,\"name\":\"Home\",\"item\":\"https:\\\/\\\/westernsinga.com\\\/pl\\\/\"},{\"@type\":\"ListItem\",\"position\":2,\"name\":\"Regulamin Serwisu\"}]},{\"@type\":\"WebSite\",\"@id\":\"https:\\\/\\\/westernsinga.com\\\/pl\\\/#website\",\"url\":\"https:\\\/\\\/westernsinga.com\\\/pl\\\/\",\"name\":\"Western Singa - Por\u00f3wnywarka Kredytowa\",\"description\":\"\",\"potentialAction\":[{\"@type\":\"SearchAction\",\"target\":{\"@type\":\"EntryPoint\",\"urlTemplate\":\"https:\\\/\\\/westernsinga.com\\\/pl\\\/?s={search_term_string}\"},\"query-input\":{\"@type\":\"PropertyValueSpecification\",\"valueRequired\":true,\"valueName\":\"search_term_string\"}}],\"inLanguage\":\"pl-PL\"}]}<\/script>\n<!-- \/ Yoast SEO Premium plugin. -->","yoast_head_json":{"title":"Regulamin Serwisu - Western Singa - Por\u00f3wnywarka Kredytowa","robots":{"index":"index","follow":"follow","max-snippet":"max-snippet:-1","max-image-preview":"max-image-preview:large","max-video-preview":"max-video-preview:-1"},"canonical":"https:\/\/westernsinga.com\/pl\/regulamin-serwisu\/","og_locale":"pl_PL","og_type":"article","og_title":"Regulamin Serwisu - Western Singa - Por\u00f3wnywarka Kredytowa","og_description":"[vc_row][vc_column][vc_empty_space][\/vc_column][\/vc_row][vc_row][vc_column][vc_column_text] I. Postanowienia og\u00f3lne 1. Niniejszy Regulamin okre\u015bla zasady korzystania przez Us\u0142ugobiorc\u00f3w z okre\u015blonych w regulaminie serwis\u00f3w internetowych Us\u0142ugodawcy, zawieraj\u0105cych w szczeg\u00f3lno\u015bci informacje i materia\u0142y na temat produkt\u00f3w finansowych, ubezpieczeniowych. 2. Us\u0142ugodawc\u0105 w ramach Serwis\u00f3w jest WESTERN SINGA LTD, KEMP HOUSE, 160 CITY ROAD, UNITED KINGDOM, LONDON, EC1V 2NX, UK oraz G\u00d3RNICKI INVEST SP. Z [&hellip;]","og_url":"https:\/\/westernsinga.com\/pl\/regulamin-serwisu\/","og_site_name":"Western Singa - Por\u00f3wnywarka Kredytowa","article_modified_time":"2022-11-25T16:09:03+00:00","twitter_card":"summary_large_image","twitter_misc":{"Szacowany czas czytania":"7 minut"},"schema":{"@context":"https:\/\/schema.org","@graph":[{"@type":"WebPage","@id":"https:\/\/westernsinga.com\/pl\/regulamin-serwisu\/","url":"https:\/\/westernsinga.com\/pl\/regulamin-serwisu\/","name":"Regulamin Serwisu - Western Singa - Por\u00f3wnywarka Kredytowa","isPartOf":{"@id":"https:\/\/westernsinga.com\/pl\/#website"},"datePublished":"2019-08-09T07:34:43+00:00","dateModified":"2022-11-25T16:09:03+00:00","breadcrumb":{"@id":"https:\/\/westernsinga.com\/pl\/regulamin-serwisu\/#breadcrumb"},"inLanguage":"pl-PL","potentialAction":[{"@type":"ReadAction","target":["https:\/\/westernsinga.com\/pl\/regulamin-serwisu\/"]}]},{"@type":"BreadcrumbList","@id":"https:\/\/westernsinga.com\/pl\/regulamin-serwisu\/#breadcrumb","itemListElement":[{"@type":"ListItem","position":1,"name":"Home","item":"https:\/\/westernsinga.com\/pl\/"},{"@type":"ListItem","position":2,"name":"Regulamin Serwisu"}]},{"@type":"WebSite","@id":"https:\/\/westernsinga.com\/pl\/#website","url":"https:\/\/westernsinga.com\/pl\/","name":"Western Singa - Por\u00f3wnywarka Kredytowa","description":"","potentialAction":[{"@type":"SearchAction","target":{"@type":"EntryPoint","urlTemplate":"https:\/\/westernsinga.com\/pl\/?s={search_term_string}"},"query-input":{"@type":"PropertyValueSpecification","valueRequired":true,"valueName":"search_term_string"}}],"inLanguage":"pl-PL"}]}},"_links":{"self":[{"href":"https:\/\/westernsinga.com\/pl\/wp-json\/wp\/v2\/pages\/463","targetHints":{"allow":["GET"]}}],"collection":[{"href":"https:\/\/westernsinga.com\/pl\/wp-json\/wp\/v2\/pages"}],"about":[{"href":"https:\/\/westernsinga.com\/pl\/wp-json\/wp\/v2\/types\/page"}],"author":[{"embeddable":true,"href":"https:\/\/westernsinga.com\/pl\/wp-json\/wp\/v2\/users\/1"}],"replies":[{"embeddable":true,"href":"https:\/\/westernsinga.com\/pl\/wp-json\/wp\/v2\/comments?post=463"}],"version-history":[{"count":3,"href":"https:\/\/westernsinga.com\/pl\/wp-json\/wp\/v2\/pages\/463\/revisions"}],"predecessor-version":[{"id":950,"href":"https:\/\/westernsinga.com\/pl\/wp-json\/wp\/v2\/pages\/463\/revisions\/950"}],"wp:attachment":[{"href":"https:\/\/westernsinga.com\/pl\/wp-json\/wp\/v2\/media?parent=463"}],"curies":[{"name":"wp","href":"https:\/\/api.w.org\/{rel}","templated":true}]}}