{"id":4,"date":"2019-08-01T05:14:59","date_gmt":"2019-08-01T05:14:59","guid":{"rendered":"https:\/\/westernsinga.com\/pl\/?page_id=4"},"modified":"2022-11-24T13:23:45","modified_gmt":"2022-11-24T11:23:45","slug":"kalkulatory","status":"publish","type":"page","link":"https:\/\/westernsinga.com\/pl\/kalkulatory\/","title":{"rendered":"Kalkulatory"},"content":{"rendered":"<div class=\"wpb-content-wrapper\"><p>[vc_row][vc_column][vc_empty_space height=&#8221;52px&#8221;]  \n  <div class=\"loan-eligibility-block\">\n    <div class=\"row\">\n        <div class=\"col-lg-6\">\n            <h2 class=\"mb20\">Sprawd\u017a, jak\u0105 kwot\u0119 kredytu mo\u017cesz dosta\u0107<\/h2>\n            <form name=\"formval2\" class=\"form-horizontal loan-eligibility-form\">\n                <div class=\"form-group\">\n                    <div class=\"col-sm-12\">\n                        <label for=\"input\" class=\"control-label\">Kwota po\u017cyczki<\/label>\n                        <div class=\"input-group\">\n                            <span class=\"input-group-addon\">z\u0142<\/span>\n                            <input type=\"number\" class=\"form-control input-sm\" id=\"input\" name=\"pr_amt2\" placeholder=\"np. 30000\">\n                        <\/div>\n                    <\/div>\n                <\/div>\n                <div class=\"form-group\">\n                    <div class=\"col-sm-12\">\n                        <label for=\"input\" class=\"control-label\">miesi\u0119czny doch\u00f3d netto<\/label>\n                        <div class=\"input-group\">\n                            <span class=\"input-group-addon\">z\u0142<\/span>\n                            <input type=\"number\" class=\"form-control\" id=\"input\" name=\"NetIncome\" placeholder=\"np. 4500\">\n                        <\/div>\n                    <\/div>\n                <\/div>\n                <div class=\"form-group\">\n                    <div class=\"col-sm-12\">\n                        <label for=\"input\" class=\"control-label\">Raty innych kredyt\u00f3w<\/label>\n                        <div class=\"input-group\">\n                            <span class=\"input-group-addon\">z\u0142<\/span>\n                            <input type=\"number\" class=\"form-control\" id=\"input\" Name=\"ExLoan\" placeholder=\"np. 450 (miesi\u0119cznie)\">\n                        <\/div>\n                    <\/div>\n                <\/div>\n                <div class=\"form-group\">\n                    <div class=\"col-sm-12\">\n                        <label for=\"input\" class=\"control-label\">Okres Kredytowania w latach<\/label>\n                        <input type=\"number\" class=\"form-control\" id=\"input\" name=\"period2\" placeholder=\"max. 10\">\n                    <\/div>\n                <\/div>\n                <div class=\"form-group\">\n                    <div class=\"col-sm-12\">\n                        <label for=\"input\" class=\"control-label\">Stopa procentowa<\/label>\n                        <div class=\"input-group\">\n                            <span class=\"input-group-addon\">%<\/span>\n                            <input type=\"number\" class=\"form-control\" id=\"input\" value=\"9.99\" name=\"int_rate2\">\n                        <\/div>\n                    <\/div>\n                <\/div>\n                <div class=\"form-group\">\n                    <div class=\"col-sm-12\">\n                        <button type=\"button\" class=\"btn btn-default\" onclick=\"eligiable()\">Sprawd\u017a Zdolno\u015b\u0107<\/button>\n                        <button type=\"reset\" class=\"btn btn-primary\">Wyczy\u015b\u0107<\/button>\n                    <\/div>\n                <\/div>\n            <\/form>\n        <\/div>\n        <div class=\"col-lg-6\">\n            <h2 class=\"mb40\">Twoja Zdolno\u015b\u0107 Kredytowa:<\/h2>\n            <div class=\"loan-eligibility-info\">\n                <form name=\"formval3\" class=\"\">\n                    <div class=\"form-group\">\n                        <output class=\"col-lg-12 col-sm-12 col-md-12 col-xs-12 eligibility-text\" name=\"field13\">\n                        <\/output>\n                        <output class=\"col-lg-12 col-sm-12 col-md-12 col-xs-12 eligibility-amount\" name=\"field11\"><\/output>\n                    <\/div>\n                    <div class=\"form-group\">\n                        <output class=\"col-lg-12 col-sm-12 col-md-12 col-xs-12 eligibility-text\" name=\"field12\"><\/output>\n                    <\/div>\n                <\/form>\n            <\/div>\n        <\/div>\n    <\/div>\n<\/div>\n    \n<script type=\"text\/javascript\">\n  function eligiable() {    \n    var P1 = document.formval2.pr_amt2.value; \/\/ pick the form input value..\n    var rate1 = document.formval2.int_rate2.value; \/\/ pick the form input value..\n    var n1 = document.formval2.period2.value; \/\/ pick the form input value..\n    var r1 = rate1 \/ (12 * 100); \/\/ to calculate rate percentage..\n    var prate1 = (P1 * r1 * Math.pow((1 + r1), n1 * 12)) \/ (Math.pow((1 + r1), n1 * 12) - 1); \/\/ to calculate compound interest..\n    var emi1 = Math.ceil(prate1 * 100) \/ 100; \/\/ to parse emi amount..    \n\n    var existing = document.formval2.ExLoan.value;\n    var existingLoan = (existing - (existing * 60 \/ 100));\n    var income1 = document.formval2.NetIncome.value;\n    if (income1 <= 14999) {\n      var incomere = ((income1) * 40 \/ 100) - existingLoan;\n    } else if (income1 <= 29999) {\n      var incomere = ((income1) * 45 \/ 100) - existingLoan;\n    } else if (income1 >= 30000) {\n      var incomere = ((income1) * 50 \/ 100) - existingLoan;\n    }\n    var incomereq = Math.floor(incomere \/ emi1 * P1);\n    var prate2 = (incomereq * r1 * Math.pow((1 + r1), n1 * 12)) \/ (Math.pow((1 + r1), n1 * 12) - 1); \/\/ to calculate compound interest2..\n    var emi2 = Math.ceil((prate2) * 100) \/ 100; \/\/ to parse emi2 amount..   \/\/Check again Reminder    \n\n    \/\/ to assign value in field1 as fixed upto two decimal..\n    if (incomereq > P1) {\n      document.formval3.field13.value = (\"You are Eligible for this loan\");\n      document.formval3.field11.value = (\"z\u0142\" + P1 + \" at EMI \" + \"z\u0142\" + emi1.toFixed(0).replace(\".\", \".\").replace(\/(\\d)(?=(\\d\\d\\d)+(?!\\d))\/g, \"$1,\"));\n      document.formval3.field12.value = (\"You are Eligible for a maximum loan of \" + (\"z\u0142\" + incomereq.toFixed(0).replace(\".\", \".\").replace(\/(\\d)(?=(\\d\\d\\d)+(?!\\d))\/g, \"$1,\")) + \" at EMI \" + (\"z\u0142\" + emi2.toFixed(0).replace(\".\", \".\").replace(\/(\\d)(?=(\\d\\d\\d)+(?!\\d))\/g, \"$1,\")));                \n    } else {\n      document.formval3.field13.value = (\"You are not Eligible for this loan\");\n      document.formval3.field11.value = (\"\");\n      document.formval3.field12.value = (\"You are Eligible for a maximum loan of \" + (\"z\u0142\" + incomereq.toFixed(0).replace(\".\", \".\").replace(\/(\\d)(?=(\\d\\d\\d)+(?!\\d))\/g, \"$1,\")) + \" at EMI \" + (\"z\u0142\" + emi2.toFixed(0).replace(\".\", \".\").replace(\/(\\d)(?=(\\d\\d\\d)+(?!\\d))\/g, \"$1,\")));\n    }\n  }\n<\/script>\n\n[\/vc_column][\/vc_row][vc_row][vc_column][\/vc_column][\/vc_row]<\/p>\n<\/div>","protected":false},"excerpt":{"rendered":"<p>[vc_row][vc_column][vc_empty_space height=&#8221;52px&#8221;][\/vc_column][\/vc_row][vc_row][vc_column][\/vc_column][\/vc_row]<\/p>\n","protected":false},"author":1,"featured_media":0,"parent":0,"menu_order":0,"comment_status":"closed","ping_status":"closed","template":"page-templates\/template-canvas.php","meta":{"footnotes":""},"class_list":["post-4","page","type-page","status-publish","hentry"],"yoast_head":"<!-- This site is optimized with the Yoast SEO Premium plugin v16.0.2 (Yoast SEO v27.4) - https:\/\/yoast.com\/product\/yoast-seo-premium-wordpress\/ -->\n<title>Kalkulatory - Western Singa - Por\u00f3wnywarka Kredytowa<\/title>\n<meta name=\"robots\" content=\"index, follow, max-snippet:-1, max-image-preview:large, max-video-preview:-1\" \/>\n<link rel=\"canonical\" href=\"https:\/\/westernsinga.com\/pl\/kalkulatory\/\" \/>\n<meta property=\"og:locale\" content=\"pl_PL\" \/>\n<meta property=\"og:type\" content=\"article\" \/>\n<meta property=\"og:title\" content=\"Kalkulatory - Western Singa - Por\u00f3wnywarka Kredytowa\" \/>\n<meta property=\"og:description\" content=\"[vc_row][vc_column][vc_empty_space height=&#8221;52px&#8221;][\/vc_column][\/vc_row][vc_row][vc_column][\/vc_column][\/vc_row]\" \/>\n<meta property=\"og:url\" content=\"https:\/\/westernsinga.com\/pl\/kalkulatory\/\" \/>\n<meta property=\"og:site_name\" content=\"Western Singa - Por\u00f3wnywarka Kredytowa\" \/>\n<meta property=\"article:modified_time\" content=\"2022-11-24T11:23:45+00:00\" \/>\n<meta name=\"twitter:card\" content=\"summary_large_image\" \/>\n<meta name=\"twitter:label1\" content=\"Szacowany czas czytania\" \/>\n\t<meta name=\"twitter:data1\" content=\"1 minuta\" \/>\n<script type=\"application\/ld+json\" class=\"yoast-schema-graph\">{\"@context\":\"https:\\\/\\\/schema.org\",\"@graph\":[{\"@type\":\"WebPage\",\"@id\":\"https:\\\/\\\/westernsinga.com\\\/pl\\\/kalkulatory\\\/\",\"url\":\"https:\\\/\\\/westernsinga.com\\\/pl\\\/kalkulatory\\\/\",\"name\":\"Kalkulatory - Western Singa - Por\u00f3wnywarka Kredytowa\",\"isPartOf\":{\"@id\":\"https:\\\/\\\/westernsinga.com\\\/pl\\\/#website\"},\"datePublished\":\"2019-08-01T05:14:59+00:00\",\"dateModified\":\"2022-11-24T11:23:45+00:00\",\"breadcrumb\":{\"@id\":\"https:\\\/\\\/westernsinga.com\\\/pl\\\/kalkulatory\\\/#breadcrumb\"},\"inLanguage\":\"pl-PL\",\"potentialAction\":[{\"@type\":\"ReadAction\",\"target\":[\"https:\\\/\\\/westernsinga.com\\\/pl\\\/kalkulatory\\\/\"]}]},{\"@type\":\"BreadcrumbList\",\"@id\":\"https:\\\/\\\/westernsinga.com\\\/pl\\\/kalkulatory\\\/#breadcrumb\",\"itemListElement\":[{\"@type\":\"ListItem\",\"position\":1,\"name\":\"Home\",\"item\":\"https:\\\/\\\/westernsinga.com\\\/pl\\\/\"},{\"@type\":\"ListItem\",\"position\":2,\"name\":\"Kalkulatory\"}]},{\"@type\":\"WebSite\",\"@id\":\"https:\\\/\\\/westernsinga.com\\\/pl\\\/#website\",\"url\":\"https:\\\/\\\/westernsinga.com\\\/pl\\\/\",\"name\":\"Western Singa - Por\u00f3wnywarka Kredytowa\",\"description\":\"\",\"potentialAction\":[{\"@type\":\"SearchAction\",\"target\":{\"@type\":\"EntryPoint\",\"urlTemplate\":\"https:\\\/\\\/westernsinga.com\\\/pl\\\/?s={search_term_string}\"},\"query-input\":{\"@type\":\"PropertyValueSpecification\",\"valueRequired\":true,\"valueName\":\"search_term_string\"}}],\"inLanguage\":\"pl-PL\"}]}<\/script>\n<!-- \/ Yoast SEO Premium plugin. -->","yoast_head_json":{"title":"Kalkulatory - Western Singa - Por\u00f3wnywarka Kredytowa","robots":{"index":"index","follow":"follow","max-snippet":"max-snippet:-1","max-image-preview":"max-image-preview:large","max-video-preview":"max-video-preview:-1"},"canonical":"https:\/\/westernsinga.com\/pl\/kalkulatory\/","og_locale":"pl_PL","og_type":"article","og_title":"Kalkulatory - Western Singa - Por\u00f3wnywarka Kredytowa","og_description":"[vc_row][vc_column][vc_empty_space height=&#8221;52px&#8221;][\/vc_column][\/vc_row][vc_row][vc_column][\/vc_column][\/vc_row]","og_url":"https:\/\/westernsinga.com\/pl\/kalkulatory\/","og_site_name":"Western Singa - Por\u00f3wnywarka Kredytowa","article_modified_time":"2022-11-24T11:23:45+00:00","twitter_card":"summary_large_image","twitter_misc":{"Szacowany czas czytania":"1 minuta"},"schema":{"@context":"https:\/\/schema.org","@graph":[{"@type":"WebPage","@id":"https:\/\/westernsinga.com\/pl\/kalkulatory\/","url":"https:\/\/westernsinga.com\/pl\/kalkulatory\/","name":"Kalkulatory - Western Singa - Por\u00f3wnywarka Kredytowa","isPartOf":{"@id":"https:\/\/westernsinga.com\/pl\/#website"},"datePublished":"2019-08-01T05:14:59+00:00","dateModified":"2022-11-24T11:23:45+00:00","breadcrumb":{"@id":"https:\/\/westernsinga.com\/pl\/kalkulatory\/#breadcrumb"},"inLanguage":"pl-PL","potentialAction":[{"@type":"ReadAction","target":["https:\/\/westernsinga.com\/pl\/kalkulatory\/"]}]},{"@type":"BreadcrumbList","@id":"https:\/\/westernsinga.com\/pl\/kalkulatory\/#breadcrumb","itemListElement":[{"@type":"ListItem","position":1,"name":"Home","item":"https:\/\/westernsinga.com\/pl\/"},{"@type":"ListItem","position":2,"name":"Kalkulatory"}]},{"@type":"WebSite","@id":"https:\/\/westernsinga.com\/pl\/#website","url":"https:\/\/westernsinga.com\/pl\/","name":"Western Singa - Por\u00f3wnywarka Kredytowa","description":"","potentialAction":[{"@type":"SearchAction","target":{"@type":"EntryPoint","urlTemplate":"https:\/\/westernsinga.com\/pl\/?s={search_term_string}"},"query-input":{"@type":"PropertyValueSpecification","valueRequired":true,"valueName":"search_term_string"}}],"inLanguage":"pl-PL"}]}},"_links":{"self":[{"href":"https:\/\/westernsinga.com\/pl\/wp-json\/wp\/v2\/pages\/4","targetHints":{"allow":["GET"]}}],"collection":[{"href":"https:\/\/westernsinga.com\/pl\/wp-json\/wp\/v2\/pages"}],"about":[{"href":"https:\/\/westernsinga.com\/pl\/wp-json\/wp\/v2\/types\/page"}],"author":[{"embeddable":true,"href":"https:\/\/westernsinga.com\/pl\/wp-json\/wp\/v2\/users\/1"}],"replies":[{"embeddable":true,"href":"https:\/\/westernsinga.com\/pl\/wp-json\/wp\/v2\/comments?post=4"}],"version-history":[{"count":2,"href":"https:\/\/westernsinga.com\/pl\/wp-json\/wp\/v2\/pages\/4\/revisions"}],"predecessor-version":[{"id":969,"href":"https:\/\/westernsinga.com\/pl\/wp-json\/wp\/v2\/pages\/4\/revisions\/969"}],"wp:attachment":[{"href":"https:\/\/westernsinga.com\/pl\/wp-json\/wp\/v2\/media?parent=4"}],"curies":[{"name":"wp","href":"https:\/\/api.w.org\/{rel}","templated":true}]}}