{"id":233,"date":"2019-07-01T17:40:53","date_gmt":"2019-07-01T15:40:53","guid":{"rendered":"https:\/\/westernsinga.com\/cz\/newsletter\/"},"modified":"2019-07-01T17:40:53","modified_gmt":"2019-07-01T15:40:53","slug":"newsletter","status":"publish","type":"page","link":"https:\/\/westernsinga.com\/cz\/newsletter\/","title":{"rendered":"Newsletter"},"content":{"rendered":"<div class=\"tnp tnp-subscription \">\n<form method=\"post\" action=\"https:\/\/westernsinga.com\/cz\/wp-admin\/admin-ajax.php?action=tnp&amp;na=s\">\n<input type=\"hidden\" name=\"nlang\" value=\"\">\n<div class=\"tnp-field tnp-field-email\"><label for=\"tnp-1\">Email<\/label>\n<input class=\"tnp-email\" type=\"email\" name=\"ne\" id=\"tnp-1\" value=\"\" placeholder=\"\" required><\/div>\n<div class=\"tnp-field tnp-field-button\" style=\"text-align: left\"><input class=\"tnp-submit\" type=\"submit\" value=\"Subscribe\" style=\"\">\n<\/div>\n<\/form>\n<\/div>\n\n","protected":false},"excerpt":{"rendered":"Email","protected":false},"author":1,"featured_media":0,"parent":0,"menu_order":0,"comment_status":"closed","ping_status":"closed","template":"","meta":{"footnotes":""},"class_list":["post-233","page","type-page","status-publish","hentry"],"yoast_head":"<!-- This site is optimized with the Yoast SEO Premium plugin v16.0.2 (Yoast SEO v27.3) - https:\/\/yoast.com\/product\/yoast-seo-premium-wordpress\/ -->\n<title>Newsletter - Western Singa - Rychl\u00e9 p\u016fj\u010dky online<\/title>\n<meta name=\"robots\" content=\"index, follow, max-snippet:-1, max-image-preview:large, max-video-preview:-1\" \/>\n<link rel=\"canonical\" href=\"https:\/\/westernsinga.com\/cz\/newsletter\/\" \/>\n<meta property=\"og:locale\" content=\"en_GB\" \/>\n<meta property=\"og:type\" content=\"article\" \/>\n<meta property=\"og:title\" content=\"Newsletter - Western Singa - Rychl\u00e9 p\u016fj\u010dky online\" \/>\n<meta property=\"og:url\" content=\"https:\/\/westernsinga.com\/cz\/newsletter\/\" \/>\n<meta property=\"og:site_name\" content=\"Western Singa - Rychl\u00e9 p\u016fj\u010dky online\" \/>\n<meta name=\"twitter:card\" content=\"summary_large_image\" \/>\n<script type=\"application\/ld+json\" class=\"yoast-schema-graph\">{\"@context\":\"https:\\\/\\\/schema.org\",\"@graph\":[{\"@type\":\"WebPage\",\"@id\":\"https:\\\/\\\/westernsinga.com\\\/cz\\\/newsletter\\\/\",\"url\":\"https:\\\/\\\/westernsinga.com\\\/cz\\\/newsletter\\\/\",\"name\":\"Newsletter - Western Singa - Rychl\u00e9 p\u016fj\u010dky online\",\"isPartOf\":{\"@id\":\"https:\\\/\\\/westernsinga.com\\\/cz\\\/#website\"},\"datePublished\":\"2019-07-01T15:40:53+00:00\",\"breadcrumb\":{\"@id\":\"https:\\\/\\\/westernsinga.com\\\/cz\\\/newsletter\\\/#breadcrumb\"},\"inLanguage\":\"en-GB\",\"potentialAction\":[{\"@type\":\"ReadAction\",\"target\":[\"https:\\\/\\\/westernsinga.com\\\/cz\\\/newsletter\\\/\"]}]},{\"@type\":\"BreadcrumbList\",\"@id\":\"https:\\\/\\\/westernsinga.com\\\/cz\\\/newsletter\\\/#breadcrumb\",\"itemListElement\":[{\"@type\":\"ListItem\",\"position\":1,\"name\":\"Home\",\"item\":\"https:\\\/\\\/westernsinga.com\\\/cz\\\/\"},{\"@type\":\"ListItem\",\"position\":2,\"name\":\"Newsletter\"}]},{\"@type\":\"WebSite\",\"@id\":\"https:\\\/\\\/westernsinga.com\\\/cz\\\/#website\",\"url\":\"https:\\\/\\\/westernsinga.com\\\/cz\\\/\",\"name\":\"Western Singa - Rychl\u00e9 p\u016fj\u010dky online\",\"description\":\"\",\"potentialAction\":[{\"@type\":\"SearchAction\",\"target\":{\"@type\":\"EntryPoint\",\"urlTemplate\":\"https:\\\/\\\/westernsinga.com\\\/cz\\\/?s={search_term_string}\"},\"query-input\":{\"@type\":\"PropertyValueSpecification\",\"valueRequired\":true,\"valueName\":\"search_term_string\"}}],\"inLanguage\":\"en-GB\"}]}<\/script>\n<!-- \/ Yoast SEO Premium plugin. -->","yoast_head_json":{"title":"Newsletter - Western Singa - Rychl\u00e9 p\u016fj\u010dky online","robots":{"index":"index","follow":"follow","max-snippet":"max-snippet:-1","max-image-preview":"max-image-preview:large","max-video-preview":"max-video-preview:-1"},"canonical":"https:\/\/westernsinga.com\/cz\/newsletter\/","og_locale":"en_GB","og_type":"article","og_title":"Newsletter - Western Singa - Rychl\u00e9 p\u016fj\u010dky online","og_url":"https:\/\/westernsinga.com\/cz\/newsletter\/","og_site_name":"Western Singa - Rychl\u00e9 p\u016fj\u010dky online","twitter_card":"summary_large_image","schema":{"@context":"https:\/\/schema.org","@graph":[{"@type":"WebPage","@id":"https:\/\/westernsinga.com\/cz\/newsletter\/","url":"https:\/\/westernsinga.com\/cz\/newsletter\/","name":"Newsletter - Western Singa - Rychl\u00e9 p\u016fj\u010dky online","isPartOf":{"@id":"https:\/\/westernsinga.com\/cz\/#website"},"datePublished":"2019-07-01T15:40:53+00:00","breadcrumb":{"@id":"https:\/\/westernsinga.com\/cz\/newsletter\/#breadcrumb"},"inLanguage":"en-GB","potentialAction":[{"@type":"ReadAction","target":["https:\/\/westernsinga.com\/cz\/newsletter\/"]}]},{"@type":"BreadcrumbList","@id":"https:\/\/westernsinga.com\/cz\/newsletter\/#breadcrumb","itemListElement":[{"@type":"ListItem","position":1,"name":"Home","item":"https:\/\/westernsinga.com\/cz\/"},{"@type":"ListItem","position":2,"name":"Newsletter"}]},{"@type":"WebSite","@id":"https:\/\/westernsinga.com\/cz\/#website","url":"https:\/\/westernsinga.com\/cz\/","name":"Western Singa - Rychl\u00e9 p\u016fj\u010dky online","description":"","potentialAction":[{"@type":"SearchAction","target":{"@type":"EntryPoint","urlTemplate":"https:\/\/westernsinga.com\/cz\/?s={search_term_string}"},"query-input":{"@type":"PropertyValueSpecification","valueRequired":true,"valueName":"search_term_string"}}],"inLanguage":"en-GB"}]}},"_links":{"self":[{"href":"https:\/\/westernsinga.com\/cz\/wp-json\/wp\/v2\/pages\/233","targetHints":{"allow":["GET"]}}],"collection":[{"href":"https:\/\/westernsinga.com\/cz\/wp-json\/wp\/v2\/pages"}],"about":[{"href":"https:\/\/westernsinga.com\/cz\/wp-json\/wp\/v2\/types\/page"}],"author":[{"embeddable":true,"href":"https:\/\/westernsinga.com\/cz\/wp-json\/wp\/v2\/users\/1"}],"replies":[{"embeddable":true,"href":"https:\/\/westernsinga.com\/cz\/wp-json\/wp\/v2\/comments?post=233"}],"version-history":[{"count":0,"href":"https:\/\/westernsinga.com\/cz\/wp-json\/wp\/v2\/pages\/233\/revisions"}],"wp:attachment":[{"href":"https:\/\/westernsinga.com\/cz\/wp-json\/wp\/v2\/media?parent=233"}],"curies":[{"name":"wp","href":"https:\/\/api.w.org\/{rel}","templated":true}]}}